{"id":416,"date":"2022-10-09T09:23:38","date_gmt":"2022-10-09T09:23:38","guid":{"rendered":"https:\/\/meier-physio.de\/?page_id=416"},"modified":"2022-10-09T09:43:35","modified_gmt":"2022-10-09T09:43:35","slug":"tierkinesiologie","status":"publish","type":"page","link":"https:\/\/meier-physio.de\/?page_id=416","title":{"rendered":"Tierkinesiologie"},"content":{"rendered":"<div data-colibri-id=\"416-c1\" class=\"style-390 style-local-416-c1 position-relative\">\n  <!---->\n  <div data-colibri-component=\"section\" data-colibri-id=\"416-c2\" id=\"custom\" class=\"h-section h-section-global-spacing d-flex align-items-lg-center align-items-md-center align-items-center style-391 style-local-416-c2 position-relative\">\n    <!---->\n    <!---->\n    <div class=\"h-section-grid-container h-section-boxed-container\">\n      <!---->\n      <div data-colibri-id=\"416-c3\" class=\"h-row-container gutters-row-lg-2 gutters-row-md-2 gutters-row-0 gutters-row-v-lg-2 gutters-row-v-md-2 gutters-row-v-2 style-392 style-local-416-c3 position-relative\">\n        <!---->\n        <div class=\"h-row justify-content-lg-center justify-content-md-center justify-content-center align-items-lg-stretch align-items-md-stretch align-items-stretch gutters-col-lg-2 gutters-col-md-2 gutters-col-0 gutters-col-v-lg-2 gutters-col-v-md-2 gutters-col-v-2\">\n          <!---->\n          <div class=\"h-column h-column-container d-flex h-col-lg-auto h-col-md-auto h-col-auto style-393-outer style-local-416-c4-outer\">\n            <div data-colibri-id=\"416-c4\" class=\"d-flex h-flex-basis h-column__inner h-px-lg-2 h-px-md-2 h-px-2 v-inner-lg-2 v-inner-md-2 v-inner-2 style-393 style-local-416-c4 position-relative\">\n              <!---->\n              <!---->\n              <div class=\"w-100 h-y-container h-column__content h-column__v-align flex-basis-100 align-self-lg-start align-self-md-start align-self-start\">\n                <!---->\n                <div data-colibri-id=\"416-c5\" class=\"h-global-transition-all h-heading style-394 style-local-416-c5 position-relative h-element\">\n                  <!---->\n                  <div class=\"h-heading__outer style-394 style-local-416-c5\">\n                    <!---->\n                    <!---->\n                    <h1 class=\"\">Die Tierkinesiologie<\/h1>\n                  <\/div>\n                <\/div>\n              <\/div>\n            <\/div>\n          <\/div>\n        <\/div>\n      <\/div>\n      <div data-colibri-id=\"416-c16\" class=\"h-row-container gutters-row-lg-2 gutters-row-md-2 gutters-row-0 gutters-row-v-lg-2 gutters-row-v-md-2 gutters-row-v-2 style-407 style-local-416-c16 position-relative\">\n        <!---->\n        <div class=\"h-row justify-content-lg-center justify-content-md-center justify-content-center align-items-lg-stretch align-items-md-stretch align-items-stretch gutters-col-lg-2 gutters-col-md-2 gutters-col-0 gutters-col-v-lg-2 gutters-col-v-md-2 gutters-col-v-2\">\n          <!---->\n          <div class=\"h-column h-column-container d-flex h-col-lg-auto h-col-md-auto h-col-auto style-408-outer style-local-416-c17-outer\">\n            <div data-colibri-id=\"416-c17\" class=\"d-flex h-flex-basis h-column__inner h-px-lg-2 h-px-md-2 h-px-2 v-inner-lg-2 v-inner-md-2 v-inner-2 style-408 style-local-416-c17 position-relative\">\n              <!---->\n              <!---->\n              <div class=\"w-100 h-y-container h-column__content h-column__v-align flex-basis-100 align-self-lg-start align-self-md-start align-self-start\">\n                <!---->\n                <div data-colibri-id=\"416-c19\" class=\"h-text h-text-component style-410 style-local-416-c19 position-relative h-element\">\n                  <!---->\n                  <!---->\n                  <div class=\"\">\n                    <p>Sie ist eine ganzheitliche, effektive und tierfreundliche Methode auf Grundlage der Kinesiologie.<\/p>\n                    <p>Ziel ist es, St\u00f6rungen und ihre Ursachen auf emotionaler und k\u00f6rperlicher Ebene aufzufinden und zu beheben.<\/p>\n                    <p>\n                      <br>\n                    <\/p>\n                  <\/div>\n                <\/div>\n              <\/div>\n            <\/div>\n          <\/div>\n          <div class=\"h-column h-column-container d-flex h-col-lg-auto h-col-md-auto h-col-auto style-409-outer style-local-416-c18-outer\">\n            <div data-colibri-id=\"416-c18\" class=\"d-flex h-flex-basis h-column__inner h-px-lg-2 h-px-md-2 h-px-2 v-inner-lg-2 v-inner-md-2 v-inner-2 style-409 style-local-416-c18 position-relative\">\n              <!---->\n              <!---->\n              <div class=\"w-100 h-y-container h-column__content h-column__v-align flex-basis-100 align-self-lg-start align-self-md-start align-self-start\">\n                <!---->\n                <div data-colibri-id=\"416-c20\" class=\"h-text h-text-component style-411 style-local-416-c20 position-relative h-element\">\n                  <!---->\n                  <!---->\n                  <div class=\"\">\n                    <p><span style=\"font-weight: 300; font-size: 16px; font-family: Poppins; color: rgb(19, 28, 37);\">\u00dcber das austesten der 12 Meridiane wird ein sogenanntes Stressdiagramm erstellt, welches dann einen Einblick in den Gesamtzustand des Tieres gibt.<\/span><\/p>\n                  <\/div>\n                <\/div>\n              <\/div>\n            <\/div>\n          <\/div>\n        <\/div>\n      <\/div>\n    <\/div>\n  <\/div>\n<\/div>","protected":false},"excerpt":{"rendered":"<p>Die Tierkinesiologie Sie ist eine ganzheitliche, effektive und tierfreundliche Methode auf Grundlage der Kinesiologie. Ziel ist es, St\u00f6rungen und ihre Ursachen auf emotionaler und k\u00f6rperlicher Ebene aufzufinden und zu beheben. \u00dcber das austesten der 12 Meridiane wird ein sogenanntes Stressdiagramm erstellt, welches dann einen Einblick in den Gesamtzustand des Tieres gibt.<\/p>\n","protected":false},"author":1,"featured_media":0,"parent":0,"menu_order":0,"comment_status":"closed","ping_status":"closed","template":"page-templates\/full-width-page.php","meta":{"footnotes":""},"class_list":["post-416","page","type-page","status-publish","hentry"],"yoast_head":"<!-- This site is optimized with the Yoast SEO plugin v27.3 - https:\/\/yoast.com\/product\/yoast-seo-wordpress\/ -->\n<title>Tierkinesiologie - DuoMed<\/title>\n<meta name=\"robots\" content=\"index, follow, max-snippet:-1, max-image-preview:large, max-video-preview:-1\" \/>\n<link rel=\"canonical\" href=\"https:\/\/meier-physio.de\/?page_id=416\" \/>\n<meta property=\"og:locale\" content=\"de_DE\" \/>\n<meta property=\"og:type\" content=\"article\" \/>\n<meta property=\"og:title\" content=\"Tierkinesiologie - DuoMed\" \/>\n<meta property=\"og:description\" content=\"Die Tierkinesiologie Sie ist eine ganzheitliche, effektive und tierfreundliche Methode auf Grundlage der Kinesiologie. Ziel ist es, St\u00f6rungen und ihre Ursachen auf emotionaler und k\u00f6rperlicher Ebene aufzufinden und zu beheben. \u00dcber das austesten der 12 Meridiane wird ein sogenanntes Stressdiagramm erstellt, welches dann einen Einblick in den Gesamtzustand des Tieres gibt.\" \/>\n<meta property=\"og:url\" content=\"https:\/\/meier-physio.de\/?page_id=416\" \/>\n<meta property=\"og:site_name\" content=\"DuoMed\" \/>\n<meta property=\"article:modified_time\" content=\"2022-10-09T09:43:35+00:00\" \/>\n<meta name=\"twitter:card\" content=\"summary_large_image\" \/>\n<script type=\"application\/ld+json\" class=\"yoast-schema-graph\">{\"@context\":\"https:\\\/\\\/schema.org\",\"@graph\":[{\"@type\":\"WebPage\",\"@id\":\"https:\\\/\\\/meier-physio.de\\\/?page_id=416\",\"url\":\"https:\\\/\\\/meier-physio.de\\\/?page_id=416\",\"name\":\"Tierkinesiologie - DuoMed\",\"isPartOf\":{\"@id\":\"https:\\\/\\\/meier-physio.de\\\/#website\"},\"datePublished\":\"2022-10-09T09:23:38+00:00\",\"dateModified\":\"2022-10-09T09:43:35+00:00\",\"breadcrumb\":{\"@id\":\"https:\\\/\\\/meier-physio.de\\\/?page_id=416#breadcrumb\"},\"inLanguage\":\"de\",\"potentialAction\":[{\"@type\":\"ReadAction\",\"target\":[\"https:\\\/\\\/meier-physio.de\\\/?page_id=416\"]}]},{\"@type\":\"BreadcrumbList\",\"@id\":\"https:\\\/\\\/meier-physio.de\\\/?page_id=416#breadcrumb\",\"itemListElement\":[{\"@type\":\"ListItem\",\"position\":1,\"name\":\"Startseite\",\"item\":\"https:\\\/\\\/meier-physio.de\\\/\"},{\"@type\":\"ListItem\",\"position\":2,\"name\":\"Tierkinesiologie\"}]},{\"@type\":\"WebSite\",\"@id\":\"https:\\\/\\\/meier-physio.de\\\/#website\",\"url\":\"https:\\\/\\\/meier-physio.de\\\/\",\"name\":\"DuoMed\",\"description\":\"Praxis DuoMed\",\"publisher\":{\"@id\":\"https:\\\/\\\/meier-physio.de\\\/#organization\"},\"potentialAction\":[{\"@type\":\"SearchAction\",\"target\":{\"@type\":\"EntryPoint\",\"urlTemplate\":\"https:\\\/\\\/meier-physio.de\\\/?s={search_term_string}\"},\"query-input\":{\"@type\":\"PropertyValueSpecification\",\"valueRequired\":true,\"valueName\":\"search_term_string\"}}],\"inLanguage\":\"de\"},{\"@type\":\"Organization\",\"@id\":\"https:\\\/\\\/meier-physio.de\\\/#organization\",\"name\":\"Praxis DuoMed\",\"url\":\"https:\\\/\\\/meier-physio.de\\\/\",\"logo\":{\"@type\":\"ImageObject\",\"inLanguage\":\"de\",\"@id\":\"https:\\\/\\\/meier-physio.de\\\/#\\\/schema\\\/logo\\\/image\\\/\",\"url\":\"https:\\\/\\\/meier-physio.de\\\/wp-content\\\/uploads\\\/2022\\\/10\\\/cropped-DuoMedLogo-e1665306460740.png\",\"contentUrl\":\"https:\\\/\\\/meier-physio.de\\\/wp-content\\\/uploads\\\/2022\\\/10\\\/cropped-DuoMedLogo-e1665306460740.png\",\"width\":512,\"height\":222,\"caption\":\"Praxis DuoMed\"},\"image\":{\"@id\":\"https:\\\/\\\/meier-physio.de\\\/#\\\/schema\\\/logo\\\/image\\\/\"}}]}<\/script>\n<!-- \/ Yoast SEO plugin. -->","yoast_head_json":{"title":"Tierkinesiologie - DuoMed","robots":{"index":"index","follow":"follow","max-snippet":"max-snippet:-1","max-image-preview":"max-image-preview:large","max-video-preview":"max-video-preview:-1"},"canonical":"https:\/\/meier-physio.de\/?page_id=416","og_locale":"de_DE","og_type":"article","og_title":"Tierkinesiologie - DuoMed","og_description":"Die Tierkinesiologie Sie ist eine ganzheitliche, effektive und tierfreundliche Methode auf Grundlage der Kinesiologie. Ziel ist es, St\u00f6rungen und ihre Ursachen auf emotionaler und k\u00f6rperlicher Ebene aufzufinden und zu beheben. \u00dcber das austesten der 12 Meridiane wird ein sogenanntes Stressdiagramm erstellt, welches dann einen Einblick in den Gesamtzustand des Tieres gibt.","og_url":"https:\/\/meier-physio.de\/?page_id=416","og_site_name":"DuoMed","article_modified_time":"2022-10-09T09:43:35+00:00","twitter_card":"summary_large_image","schema":{"@context":"https:\/\/schema.org","@graph":[{"@type":"WebPage","@id":"https:\/\/meier-physio.de\/?page_id=416","url":"https:\/\/meier-physio.de\/?page_id=416","name":"Tierkinesiologie - DuoMed","isPartOf":{"@id":"https:\/\/meier-physio.de\/#website"},"datePublished":"2022-10-09T09:23:38+00:00","dateModified":"2022-10-09T09:43:35+00:00","breadcrumb":{"@id":"https:\/\/meier-physio.de\/?page_id=416#breadcrumb"},"inLanguage":"de","potentialAction":[{"@type":"ReadAction","target":["https:\/\/meier-physio.de\/?page_id=416"]}]},{"@type":"BreadcrumbList","@id":"https:\/\/meier-physio.de\/?page_id=416#breadcrumb","itemListElement":[{"@type":"ListItem","position":1,"name":"Startseite","item":"https:\/\/meier-physio.de\/"},{"@type":"ListItem","position":2,"name":"Tierkinesiologie"}]},{"@type":"WebSite","@id":"https:\/\/meier-physio.de\/#website","url":"https:\/\/meier-physio.de\/","name":"DuoMed","description":"Praxis DuoMed","publisher":{"@id":"https:\/\/meier-physio.de\/#organization"},"potentialAction":[{"@type":"SearchAction","target":{"@type":"EntryPoint","urlTemplate":"https:\/\/meier-physio.de\/?s={search_term_string}"},"query-input":{"@type":"PropertyValueSpecification","valueRequired":true,"valueName":"search_term_string"}}],"inLanguage":"de"},{"@type":"Organization","@id":"https:\/\/meier-physio.de\/#organization","name":"Praxis DuoMed","url":"https:\/\/meier-physio.de\/","logo":{"@type":"ImageObject","inLanguage":"de","@id":"https:\/\/meier-physio.de\/#\/schema\/logo\/image\/","url":"https:\/\/meier-physio.de\/wp-content\/uploads\/2022\/10\/cropped-DuoMedLogo-e1665306460740.png","contentUrl":"https:\/\/meier-physio.de\/wp-content\/uploads\/2022\/10\/cropped-DuoMedLogo-e1665306460740.png","width":512,"height":222,"caption":"Praxis DuoMed"},"image":{"@id":"https:\/\/meier-physio.de\/#\/schema\/logo\/image\/"}}]}},"_links":{"self":[{"href":"https:\/\/meier-physio.de\/index.php?rest_route=\/wp\/v2\/pages\/416","targetHints":{"allow":["GET"]}}],"collection":[{"href":"https:\/\/meier-physio.de\/index.php?rest_route=\/wp\/v2\/pages"}],"about":[{"href":"https:\/\/meier-physio.de\/index.php?rest_route=\/wp\/v2\/types\/page"}],"author":[{"embeddable":true,"href":"https:\/\/meier-physio.de\/index.php?rest_route=\/wp\/v2\/users\/1"}],"replies":[{"embeddable":true,"href":"https:\/\/meier-physio.de\/index.php?rest_route=%2Fwp%2Fv2%2Fcomments&post=416"}],"version-history":[{"count":5,"href":"https:\/\/meier-physio.de\/index.php?rest_route=\/wp\/v2\/pages\/416\/revisions"}],"predecessor-version":[{"id":458,"href":"https:\/\/meier-physio.de\/index.php?rest_route=\/wp\/v2\/pages\/416\/revisions\/458"}],"wp:attachment":[{"href":"https:\/\/meier-physio.de\/index.php?rest_route=%2Fwp%2Fv2%2Fmedia&parent=416"}],"curies":[{"name":"wp","href":"https:\/\/api.w.org\/{rel}","templated":true}]}}