{"id":221,"date":"2022-10-08T19:12:24","date_gmt":"2022-10-08T19:12:24","guid":{"rendered":"https:\/\/meier-physio.de\/?page_id=221"},"modified":"2022-10-09T08:47:14","modified_gmt":"2022-10-09T08:47:14","slug":"kinesiologie","status":"publish","type":"page","link":"https:\/\/meier-physio.de\/?page_id=221","title":{"rendered":"Kinesiologie"},"content":{"rendered":"<div data-colibri-id=\"221-c1\" class=\"style-264 style-local-221-c1 position-relative\">\n  <!---->\n  <div data-colibri-component=\"section\" data-colibri-id=\"221-c2\" id=\"custom\" class=\"h-section h-section-global-spacing d-flex align-items-lg-center align-items-md-center align-items-center style-265 style-local-221-c2 position-relative\">\n    <!---->\n    <!---->\n    <div class=\"h-section-grid-container h-section-boxed-container\">\n      <!---->\n      <div data-colibri-id=\"221-c3\" class=\"h-row-container gutters-row-lg-0 gutters-row-md-0 gutters-row-0 gutters-row-v-lg-0 gutters-row-v-md-0 gutters-row-v-0 style-269 style-local-221-c3 position-relative\">\n        <!---->\n        <div class=\"h-row justify-content-lg-center justify-content-md-center justify-content-center align-items-lg-stretch align-items-md-stretch align-items-stretch gutters-col-lg-0 gutters-col-md-0 gutters-col-0 gutters-col-v-lg-0 gutters-col-v-md-0 gutters-col-v-0\">\n          <!---->\n          <div class=\"h-column h-column-container d-flex h-col-lg-auto h-col-md-auto h-col-auto style-270-outer style-local-221-c4-outer\">\n            <div data-colibri-id=\"221-c4\" class=\"d-flex h-flex-basis h-column__inner h-px-lg-2 h-px-md-2 h-px-2 v-inner-lg-2 v-inner-md-2 v-inner-2 style-270 style-local-221-c4 position-relative\">\n              <!---->\n              <!---->\n              <div class=\"w-100 h-y-container h-column__content h-column__v-align flex-basis-100 align-self-lg-start align-self-md-start align-self-start\">\n                <!---->\n                <div data-colibri-id=\"221-c5\" class=\"h-global-transition-all h-heading style-272 style-local-221-c5 position-relative h-element\">\n                  <!---->\n                  <div class=\"h-heading__outer style-272 style-local-221-c5\">\n                    <!---->\n                    <!---->\n                    <h1 class=\"\">Die Angewandte Kinesiologie<\/h1>\n                  <\/div>\n                <\/div>\n              <\/div>\n            <\/div>\n          <\/div>\n        <\/div>\n      <\/div>\n      <div data-colibri-id=\"221-c6\" class=\"h-row-container gutters-row-lg-2 gutters-row-md-2 gutters-row-0 gutters-row-v-lg-2 gutters-row-v-md-2 gutters-row-v-2 style-266 style-local-221-c6 position-relative\">\n        <!---->\n        <div class=\"h-row justify-content-lg-center justify-content-md-center justify-content-center align-items-lg-stretch align-items-md-stretch align-items-stretch gutters-col-lg-2 gutters-col-md-2 gutters-col-0 gutters-col-v-lg-2 gutters-col-v-md-2 gutters-col-v-2\">\n          <!---->\n          <div class=\"h-column h-column-container d-flex h-col-lg-auto h-col-md-auto h-col-auto style-267-outer style-local-221-c7-outer\">\n            <div data-colibri-id=\"221-c7\" class=\"d-flex h-flex-basis h-column__inner h-px-lg-2 h-px-md-2 h-px-2 v-inner-lg-2 v-inner-md-2 v-inner-2 style-267 style-local-221-c7 position-relative\">\n              <!---->\n              <!---->\n              <div class=\"w-100 h-y-container h-column__content h-column__v-align flex-basis-100 align-self-lg-start align-self-md-start align-self-start\">\n                <!---->\n                <div data-colibri-id=\"221-c8\" class=\"h-text h-text-component style-273 style-local-221-c8 position-relative h-element\">\n                  <!---->\n                  <!---->\n                  <div class=\"\">\n                    <p>Sie wurde Anfang der 60er Jahre vom amerikanischem Chiropraktiker George Goodheard entwickelt. Er stellte fest, dass es einen Zusammenhang zwischen Muskelfunktion, Gesundheit und Krankheiten gibt. <\/p>\n                    <p>Die AK ist eine Synthese der klassischen Schulmedizin, Ern\u00e4hrungswissenschaft, fern\u00f6stlicher Medizin und Chiropraktik. Es ist eine ganzheitliche Methode, die auf der manuellen Testung von Muskeln basiert.<\/p>\n                  <\/div>\n                <\/div>\n              <\/div>\n            <\/div>\n          <\/div>\n          <div class=\"h-column h-column-container d-flex h-col-lg-auto h-col-md-auto h-col-auto style-268-outer style-local-221-c9-outer\">\n            <div data-colibri-id=\"221-c9\" class=\"d-flex h-flex-basis h-column__inner h-px-lg-2 h-px-md-2 h-px-2 v-inner-lg-2 v-inner-md-2 v-inner-2 style-268 style-local-221-c9 position-relative\">\n              <!---->\n              <!---->\n              <div class=\"w-100 h-y-container h-column__content h-column__v-align flex-basis-100 align-self-lg-start align-self-md-start align-self-start\">\n                <!---->\n                <div data-colibri-id=\"221-c10\" class=\"h-text h-text-component style-274 style-local-221-c10 position-relative h-element\">\n                  <!---->\n                  <!---->\n                  <div class=\"\">\n                    <p>Blockaden im K\u00f6rper werden ausgeglichen, damit der K\u00f6rper wieder ins Gleichgewicht kommt, wodurch die Gesundheit und Lebensqualit\u00e4t gef\u00f6rdert wird. <\/p>\n                    <p>Die angewandte Kinesiologie wird von Personen mit staatlich anerkannten Diplom gelehrt und unterscheidet sich somit von der &#8222;Laien-Kinesiologie&#8220;.<\/p>\n                  <\/div>\n                <\/div>\n              <\/div>\n            <\/div>\n          <\/div>\n        <\/div>\n      <\/div>\n    <\/div>\n  <\/div>\n<\/div>","protected":false},"excerpt":{"rendered":"<p>Die Angewandte Kinesiologie Sie wurde Anfang der 60er Jahre vom amerikanischem Chiropraktiker George Goodheard entwickelt. Er stellte fest, dass es einen Zusammenhang zwischen Muskelfunktion, Gesundheit und Krankheiten gibt. Die AK ist eine Synthese der klassischen Schulmedizin, Ern\u00e4hrungswissenschaft, fern\u00f6stlicher Medizin und Chiropraktik. Es ist eine ganzheitliche Methode, die auf der manuellen Testung von Muskeln basiert. Blockaden [&hellip;]<\/p>\n","protected":false},"author":1,"featured_media":0,"parent":0,"menu_order":0,"comment_status":"closed","ping_status":"closed","template":"page-templates\/full-width-page.php","meta":{"footnotes":""},"class_list":["post-221","page","type-page","status-publish","hentry"],"yoast_head":"<!-- This site is optimized with the Yoast SEO plugin v27.3 - https:\/\/yoast.com\/product\/yoast-seo-wordpress\/ -->\n<title>Kinesiologie - DuoMed<\/title>\n<meta name=\"robots\" content=\"index, follow, max-snippet:-1, max-image-preview:large, max-video-preview:-1\" \/>\n<link rel=\"canonical\" href=\"https:\/\/meier-physio.de\/?page_id=221\" \/>\n<meta property=\"og:locale\" content=\"de_DE\" \/>\n<meta property=\"og:type\" content=\"article\" \/>\n<meta property=\"og:title\" content=\"Kinesiologie - DuoMed\" \/>\n<meta property=\"og:description\" content=\"Die Angewandte Kinesiologie Sie wurde Anfang der 60er Jahre vom amerikanischem Chiropraktiker George Goodheard entwickelt. Er stellte fest, dass es einen Zusammenhang zwischen Muskelfunktion, Gesundheit und Krankheiten gibt. Die AK ist eine Synthese der klassischen Schulmedizin, Ern\u00e4hrungswissenschaft, fern\u00f6stlicher Medizin und Chiropraktik. Es ist eine ganzheitliche Methode, die auf der manuellen Testung von Muskeln basiert. Blockaden [&hellip;]\" \/>\n<meta property=\"og:url\" content=\"https:\/\/meier-physio.de\/?page_id=221\" \/>\n<meta property=\"og:site_name\" content=\"DuoMed\" \/>\n<meta property=\"article:modified_time\" content=\"2022-10-09T08:47:14+00:00\" \/>\n<meta name=\"twitter:card\" content=\"summary_large_image\" \/>\n<script type=\"application\/ld+json\" class=\"yoast-schema-graph\">{\"@context\":\"https:\\\/\\\/schema.org\",\"@graph\":[{\"@type\":\"WebPage\",\"@id\":\"https:\\\/\\\/meier-physio.de\\\/?page_id=221\",\"url\":\"https:\\\/\\\/meier-physio.de\\\/?page_id=221\",\"name\":\"Kinesiologie - DuoMed\",\"isPartOf\":{\"@id\":\"https:\\\/\\\/meier-physio.de\\\/#website\"},\"datePublished\":\"2022-10-08T19:12:24+00:00\",\"dateModified\":\"2022-10-09T08:47:14+00:00\",\"breadcrumb\":{\"@id\":\"https:\\\/\\\/meier-physio.de\\\/?page_id=221#breadcrumb\"},\"inLanguage\":\"de\",\"potentialAction\":[{\"@type\":\"ReadAction\",\"target\":[\"https:\\\/\\\/meier-physio.de\\\/?page_id=221\"]}]},{\"@type\":\"BreadcrumbList\",\"@id\":\"https:\\\/\\\/meier-physio.de\\\/?page_id=221#breadcrumb\",\"itemListElement\":[{\"@type\":\"ListItem\",\"position\":1,\"name\":\"Startseite\",\"item\":\"https:\\\/\\\/meier-physio.de\\\/\"},{\"@type\":\"ListItem\",\"position\":2,\"name\":\"Kinesiologie\"}]},{\"@type\":\"WebSite\",\"@id\":\"https:\\\/\\\/meier-physio.de\\\/#website\",\"url\":\"https:\\\/\\\/meier-physio.de\\\/\",\"name\":\"DuoMed\",\"description\":\"Praxis DuoMed\",\"publisher\":{\"@id\":\"https:\\\/\\\/meier-physio.de\\\/#organization\"},\"potentialAction\":[{\"@type\":\"SearchAction\",\"target\":{\"@type\":\"EntryPoint\",\"urlTemplate\":\"https:\\\/\\\/meier-physio.de\\\/?s={search_term_string}\"},\"query-input\":{\"@type\":\"PropertyValueSpecification\",\"valueRequired\":true,\"valueName\":\"search_term_string\"}}],\"inLanguage\":\"de\"},{\"@type\":\"Organization\",\"@id\":\"https:\\\/\\\/meier-physio.de\\\/#organization\",\"name\":\"Praxis DuoMed\",\"url\":\"https:\\\/\\\/meier-physio.de\\\/\",\"logo\":{\"@type\":\"ImageObject\",\"inLanguage\":\"de\",\"@id\":\"https:\\\/\\\/meier-physio.de\\\/#\\\/schema\\\/logo\\\/image\\\/\",\"url\":\"https:\\\/\\\/meier-physio.de\\\/wp-content\\\/uploads\\\/2022\\\/10\\\/cropped-DuoMedLogo-e1665306460740.png\",\"contentUrl\":\"https:\\\/\\\/meier-physio.de\\\/wp-content\\\/uploads\\\/2022\\\/10\\\/cropped-DuoMedLogo-e1665306460740.png\",\"width\":512,\"height\":222,\"caption\":\"Praxis DuoMed\"},\"image\":{\"@id\":\"https:\\\/\\\/meier-physio.de\\\/#\\\/schema\\\/logo\\\/image\\\/\"}}]}<\/script>\n<!-- \/ Yoast SEO plugin. -->","yoast_head_json":{"title":"Kinesiologie - DuoMed","robots":{"index":"index","follow":"follow","max-snippet":"max-snippet:-1","max-image-preview":"max-image-preview:large","max-video-preview":"max-video-preview:-1"},"canonical":"https:\/\/meier-physio.de\/?page_id=221","og_locale":"de_DE","og_type":"article","og_title":"Kinesiologie - DuoMed","og_description":"Die Angewandte Kinesiologie Sie wurde Anfang der 60er Jahre vom amerikanischem Chiropraktiker George Goodheard entwickelt. Er stellte fest, dass es einen Zusammenhang zwischen Muskelfunktion, Gesundheit und Krankheiten gibt. Die AK ist eine Synthese der klassischen Schulmedizin, Ern\u00e4hrungswissenschaft, fern\u00f6stlicher Medizin und Chiropraktik. Es ist eine ganzheitliche Methode, die auf der manuellen Testung von Muskeln basiert. Blockaden [&hellip;]","og_url":"https:\/\/meier-physio.de\/?page_id=221","og_site_name":"DuoMed","article_modified_time":"2022-10-09T08:47:14+00:00","twitter_card":"summary_large_image","schema":{"@context":"https:\/\/schema.org","@graph":[{"@type":"WebPage","@id":"https:\/\/meier-physio.de\/?page_id=221","url":"https:\/\/meier-physio.de\/?page_id=221","name":"Kinesiologie - DuoMed","isPartOf":{"@id":"https:\/\/meier-physio.de\/#website"},"datePublished":"2022-10-08T19:12:24+00:00","dateModified":"2022-10-09T08:47:14+00:00","breadcrumb":{"@id":"https:\/\/meier-physio.de\/?page_id=221#breadcrumb"},"inLanguage":"de","potentialAction":[{"@type":"ReadAction","target":["https:\/\/meier-physio.de\/?page_id=221"]}]},{"@type":"BreadcrumbList","@id":"https:\/\/meier-physio.de\/?page_id=221#breadcrumb","itemListElement":[{"@type":"ListItem","position":1,"name":"Startseite","item":"https:\/\/meier-physio.de\/"},{"@type":"ListItem","position":2,"name":"Kinesiologie"}]},{"@type":"WebSite","@id":"https:\/\/meier-physio.de\/#website","url":"https:\/\/meier-physio.de\/","name":"DuoMed","description":"Praxis DuoMed","publisher":{"@id":"https:\/\/meier-physio.de\/#organization"},"potentialAction":[{"@type":"SearchAction","target":{"@type":"EntryPoint","urlTemplate":"https:\/\/meier-physio.de\/?s={search_term_string}"},"query-input":{"@type":"PropertyValueSpecification","valueRequired":true,"valueName":"search_term_string"}}],"inLanguage":"de"},{"@type":"Organization","@id":"https:\/\/meier-physio.de\/#organization","name":"Praxis DuoMed","url":"https:\/\/meier-physio.de\/","logo":{"@type":"ImageObject","inLanguage":"de","@id":"https:\/\/meier-physio.de\/#\/schema\/logo\/image\/","url":"https:\/\/meier-physio.de\/wp-content\/uploads\/2022\/10\/cropped-DuoMedLogo-e1665306460740.png","contentUrl":"https:\/\/meier-physio.de\/wp-content\/uploads\/2022\/10\/cropped-DuoMedLogo-e1665306460740.png","width":512,"height":222,"caption":"Praxis DuoMed"},"image":{"@id":"https:\/\/meier-physio.de\/#\/schema\/logo\/image\/"}}]}},"_links":{"self":[{"href":"https:\/\/meier-physio.de\/index.php?rest_route=\/wp\/v2\/pages\/221","targetHints":{"allow":["GET"]}}],"collection":[{"href":"https:\/\/meier-physio.de\/index.php?rest_route=\/wp\/v2\/pages"}],"about":[{"href":"https:\/\/meier-physio.de\/index.php?rest_route=\/wp\/v2\/types\/page"}],"author":[{"embeddable":true,"href":"https:\/\/meier-physio.de\/index.php?rest_route=\/wp\/v2\/users\/1"}],"replies":[{"embeddable":true,"href":"https:\/\/meier-physio.de\/index.php?rest_route=%2Fwp%2Fv2%2Fcomments&post=221"}],"version-history":[{"count":5,"href":"https:\/\/meier-physio.de\/index.php?rest_route=\/wp\/v2\/pages\/221\/revisions"}],"predecessor-version":[{"id":354,"href":"https:\/\/meier-physio.de\/index.php?rest_route=\/wp\/v2\/pages\/221\/revisions\/354"}],"wp:attachment":[{"href":"https:\/\/meier-physio.de\/index.php?rest_route=%2Fwp%2Fv2%2Fmedia&parent=221"}],"curies":[{"name":"wp","href":"https:\/\/api.w.org\/{rel}","templated":true}]}}